{"id":395,"date":"2025-01-27T21:56:35","date_gmt":"2025-01-27T21:56:35","guid":{"rendered":"https:\/\/tayaubungalows.com.mx\/home\/"},"modified":"2025-11-06T21:13:25","modified_gmt":"2025-11-06T21:13:25","slug":"home","status":"publish","type":"page","link":"https:\/\/tayaubungalows.com.mx\/es\/","title":{"rendered":"Hogar"},"content":{"rendered":"<div data-elementor-type=\"wp-page\" data-elementor-id=\"395\" class=\"elementor elementor-395\" data-elementor-post-type=\"page\">\n\t\t\t\t<div class=\"elementor-element elementor-element-08406d6 e-flex e-con-boxed e-con e-parent\" data-id=\"08406d6\" data-element_type=\"container\" data-e-type=\"container\" data-settings=\"{&quot;background_background&quot;:&quot;slideshow&quot;,&quot;background_slideshow_gallery&quot;:[{&quot;id&quot;:848,&quot;url&quot;:&quot;https:\\\/\\\/tayaubungalows.com.mx\\\/wp-content\\\/uploads\\\/2025\\\/01\\\/PHOTO-2025-01-18-20-22-04-1.jpg&quot;},{&quot;id&quot;:828,&quot;url&quot;:&quot;https:\\\/\\\/tayaubungalows.com.mx\\\/wp-content\\\/uploads\\\/2025\\\/01\\\/PHOTO-2025-01-18-20-22-03.jpg&quot;},{&quot;id&quot;:852,&quot;url&quot;:&quot;https:\\\/\\\/tayaubungalows.com.mx\\\/wp-content\\\/uploads\\\/2025\\\/01\\\/PHOTO-2025-01-18-20-24-13-3.jpg&quot;},{&quot;id&quot;:887,&quot;url&quot;:&quot;https:\\\/\\\/tayaubungalows.com.mx\\\/wp-content\\\/uploads\\\/2025\\\/01\\\/PHOTO-2025-01-18-20-11-16-1.jpg&quot;},{&quot;id&quot;:907,&quot;url&quot;:&quot;https:\\\/\\\/tayaubungalows.com.mx\\\/wp-content\\\/uploads\\\/2025\\\/01\\\/PHOTO-2025-01-18-20-10-14.jpg&quot;},{&quot;id&quot;:926,&quot;url&quot;:&quot;https:\\\/\\\/tayaubungalows.com.mx\\\/wp-content\\\/uploads\\\/2025\\\/01\\\/475310523_122104276400740132_4463720689971665216_n.jpg&quot;},{&quot;id&quot;:1139,&quot;url&quot;:&quot;https:\\\/\\\/tayaubungalows.com.mx\\\/wp-content\\\/uploads\\\/2025\\\/01\\\/playa6.jpeg&quot;},{&quot;id&quot;:1134,&quot;url&quot;:&quot;https:\\\/\\\/tayaubungalows.com.mx\\\/wp-content\\\/uploads\\\/2025\\\/01\\\/playa1.jpeg&quot;},{&quot;id&quot;:1141,&quot;url&quot;:&quot;https:\\\/\\\/tayaubungalows.com.mx\\\/wp-content\\\/uploads\\\/2025\\\/01\\\/playa8.jpeg&quot;}],&quot;background_slideshow_slide_duration&quot;:4990,&quot;background_slideshow_loop&quot;:&quot;yes&quot;,&quot;background_slideshow_slide_transition&quot;:&quot;fade&quot;,&quot;background_slideshow_transition_duration&quot;:500}\">\n\t\t\t\t\t<div class=\"e-con-inner\">\n\t\t\t\t\t<\/div>\n\t\t\t\t<\/div>\n\t\t<div class=\"elementor-element elementor-element-e992844 e-flex e-con-boxed e-con e-parent\" data-id=\"e992844\" data-element_type=\"container\" data-e-type=\"container\">\n\t\t\t\t\t<div class=\"e-con-inner\">\n\t\t\t\t<div class=\"elementor-element elementor-element-7ed75cb elementor-widget elementor-widget-heading\" data-id=\"7ed75cb\" data-element_type=\"widget\" data-e-type=\"widget\" data-widget_type=\"heading.default\">\n\t\t\t\t<div class=\"elementor-widget-container\">\n\t\t\t\t\t<h2 class=\"elementor-heading-title elementor-size-default\"><b><span style=\"font-size:16.0pt;,sans-serif\">Bienvenido a Tayau Bungalows.<\/span><\/b><\/h2>\t\t\t\t<\/div>\n\t\t\t\t<\/div>\n\t\t\t\t<div class=\"elementor-element elementor-element-979e8a4 elementor-widget elementor-widget-heading\" data-id=\"979e8a4\" data-element_type=\"widget\" data-e-type=\"widget\" data-widget_type=\"heading.default\">\n\t\t\t\t<div class=\"elementor-widget-container\">\n\t\t\t\t\t<h5 class=\"elementor-heading-title elementor-size-default\"><span style=\"font-size:16.0pt\">\n<b>Tayau<\/b> es una palabra del idioma huichol, originaria del estado de Nayarit, que significa \u201cNuestro Padre Sol\u201d. \u2600\ufe0f<br><br><p>\nSomos una peque\u00f1a <b>Se aceptan mascotas<\/b>\nPropiedad en alquiler con 9 bungalows. <\/p><\/span><span style=\"font-size:16.0pt\"><p><span style=\"font-style: inherit;font-weight: inherit;color: var(--ast-global-color-2);text-align: var(--text-align);background-color: var(--ast-global-color-4)\">Ubicado en Lo de Marcos, Nayarit, M\u00e9xico justo <\/span><span style=\"font-style: inherit;font-weight: inherit;color: var(--ast-global-color-2);text-align: var(--text-align);background-color: var(--ast-global-color-4)\">A 12-15 minutos a pie de la playa o 4 minutos en coche. <\/span><\/p><\/span><span style=\"font-size:16.0pt\"><br><p><span style=\"font-size:16.0pt\">Ven y hosp\u00e9date con nosotros para que vivas una maravillosa experiencia y conozcas la magia de este tradicional pueblo nayarita. <\/span><\/p>\n<p><span style=\"font-size:16.0pt\">Nuestros Bungalows est\u00e1n completamente equipados, esperando tu llegada para que puedas tener una estancia acogedora y confortable.<\/span><\/p><br>\n\n<p><span style=\"font-size:16.0pt;,sans-serif\"><b>\u00bfQuienes somos?<\/b><\/span><\/p><p><span style=\"font-size:16.0pt;,sans-serif\">Somos una familia que queremos hacerte sentir como en casa.<\/span><\/p><br>Nuestro fundador es originario del estado de Nayarit, y somos una familia dedicada a hacerte sentir como en casa.<br><br><span><span lang=\"EN\" style=\"font-size:16.0pt;,sans-serif;color:#1F1F1F\">Una tradici\u00f3n que data de casi 4 d\u00e9cadas, hospedando y atendiendo a hu\u00e9spedes y turistas que nos visitan en Los \u00c1ngeles, California, Sayula, Jalisco y <\/span><span lang=\"EN\" style=\"font-size:16.0pt;,sans-serif;color:#1F1F1F\">&nbsp;Lo de <\/span><span lang=\"EN\" style=\"font-size:16.0pt;,sans-serif;color:#1F1F1F\">Marcos.<\/span><\/span><span lang=\"EN\" style=\"font-size:16.0pt;,sans-serif\"> <\/span><br><br><span style=\"font-size:16.0pt;,sans-serif\">Quer\u00edamos crear este peque\u00f1o proyecto para ofrecer una experiencia placentera, relajante y segura.<\/span><br><\/span><\/h5>\t\t\t\t<\/div>\n\t\t\t\t<\/div>\n\t\t<div class=\"elementor-element elementor-element-0802085 e-con-full e-flex e-con e-child\" data-id=\"0802085\" data-element_type=\"container\" data-e-type=\"container\">\n\t\t\t\t<div class=\"elementor-element elementor-element-b8da191 elementor-skin-carousel elementor-arrows-yes elementor-pagination-type-bullets elementor-pagination-position-outside elementor-widget elementor-widget-media-carousel\" data-id=\"b8da191\" data-element_type=\"widget\" data-e-type=\"widget\" data-settings=\"{&quot;skin&quot;:&quot;carousel&quot;,&quot;effect&quot;:&quot;slide&quot;,&quot;show_arrows&quot;:&quot;yes&quot;,&quot;pagination&quot;:&quot;bullets&quot;,&quot;speed&quot;:500,&quot;autoplay&quot;:&quot;yes&quot;,&quot;autoplay_speed&quot;:5000,&quot;loop&quot;:&quot;yes&quot;,&quot;pause_on_hover&quot;:&quot;yes&quot;,&quot;pause_on_interaction&quot;:&quot;yes&quot;,&quot;space_between&quot;:{&quot;unit&quot;:&quot;px&quot;,&quot;size&quot;:10,&quot;sizes&quot;:[]},&quot;space_between_tablet&quot;:{&quot;unit&quot;:&quot;px&quot;,&quot;size&quot;:10,&quot;sizes&quot;:[]},&quot;space_between_mobile&quot;:{&quot;unit&quot;:&quot;px&quot;,&quot;size&quot;:10,&quot;sizes&quot;:[]}}\" data-widget_type=\"media-carousel.default\">\n\t\t\t\t<div class=\"elementor-widget-container\">\n\t\t\t\t\t\t\t\t\t<div class=\"elementor-swiper\">\n\t\t\t\t\t<div class=\"elementor-main-swiper swiper\" role=\"region\" aria-roledescription=\"carousel\" aria-label=\"Diapositivas\">\n\t\t\t\t<div class=\"swiper-wrapper\">\n\t\t\t\t\t\t\t\t\t\t\t<div class=\"swiper-slide\" role=\"group\" aria-roledescription=\"slide\">\n\t\t\t\t\t\t\t\t\t<div class=\"elementor-carousel-image\" role=\"img\" aria-label=\"playa8\" style=\"background-image: url(&#039;https:\/\/tayaubungalows.com.mx\/wp-content\/uploads\/2025\/01\/playa8.jpeg&#039;)\">\n\n\t\t\t\n\t\t\t\t\t<\/div>\n\t\t\t\t\t\t\t\t<\/div>\n\t\t\t\t\t\t\t\t\t\t\t<div class=\"swiper-slide\" role=\"group\" aria-roledescription=\"slide\">\n\t\t\t\t\t\t\t\t\t<div class=\"elementor-carousel-image\" role=\"img\" aria-label=\"playa7\" style=\"background-image: url(&#039;https:\/\/tayaubungalows.com.mx\/wp-content\/uploads\/2025\/01\/playa7.jpeg&#039;)\">\n\n\t\t\t\n\t\t\t\t\t<\/div>\n\t\t\t\t\t\t\t\t<\/div>\n\t\t\t\t\t\t\t\t\t\t\t<div class=\"swiper-slide\" role=\"group\" aria-roledescription=\"slide\">\n\t\t\t\t\t\t\t\t\t<div class=\"elementor-carousel-image\" role=\"img\" aria-label=\"FOTO-2025-01-18-20-11-16\" style=\"background-image: url(&#039;https:\/\/tayaubungalows.com.mx\/wp-content\/uploads\/2025\/01\/PHOTO-2025-01-18-20-11-16.jpg&#039;)\">\n\n\t\t\t\n\t\t\t\t\t<\/div>\n\t\t\t\t\t\t\t\t<\/div>\n\t\t\t\t\t\t\t\t\t\t\t<div class=\"swiper-slide\" role=\"group\" aria-roledescription=\"slide\">\n\t\t\t\t\t\t\t\t\t<div class=\"elementor-carousel-image\" role=\"img\" aria-label=\"playa6\" style=\"background-image: url(&#039;https:\/\/tayaubungalows.com.mx\/wp-content\/uploads\/2025\/01\/playa6.jpeg&#039;)\">\n\n\t\t\t\n\t\t\t\t\t<\/div>\n\t\t\t\t\t\t\t\t<\/div>\n\t\t\t\t\t\t\t\t\t\t\t<div class=\"swiper-slide\" role=\"group\" aria-roledescription=\"slide\">\n\t\t\t\t\t\t\t\t\t<div class=\"elementor-carousel-image\" role=\"img\" aria-label=\"playa5\" style=\"background-image: url(&#039;https:\/\/tayaubungalows.com.mx\/wp-content\/uploads\/2025\/01\/playa5.jpeg&#039;)\">\n\n\t\t\t\n\t\t\t\t\t<\/div>\n\t\t\t\t\t\t\t\t<\/div>\n\t\t\t\t\t\t\t\t\t\t\t<div class=\"swiper-slide\" role=\"group\" aria-roledescription=\"slide\">\n\t\t\t\t\t\t\t\t\t<div class=\"elementor-carousel-image\" role=\"img\" aria-label=\"playa3\" style=\"background-image: url(&#039;https:\/\/tayaubungalows.com.mx\/wp-content\/uploads\/2025\/01\/playa3.jpeg&#039;)\">\n\n\t\t\t\n\t\t\t\t\t<\/div>\n\t\t\t\t\t\t\t\t<\/div>\n\t\t\t\t\t\t\t\t\t\t\t<div class=\"swiper-slide\" role=\"group\" aria-roledescription=\"slide\">\n\t\t\t\t\t\t\t\t\t<div class=\"elementor-carousel-image\" role=\"img\" aria-label=\"playa1\" style=\"background-image: url(&#039;https:\/\/tayaubungalows.com.mx\/wp-content\/uploads\/2025\/01\/playa1.jpeg&#039;)\">\n\n\t\t\t\n\t\t\t\t\t<\/div>\n\t\t\t\t\t\t\t\t<\/div>\n\t\t\t\t\t\t\t\t\t\t\t<div class=\"swiper-slide\" role=\"group\" aria-roledescription=\"slide\">\n\t\t\t\t\t\t\t\t\t<div class=\"elementor-carousel-image\" role=\"img\" aria-label=\"475310523_122104276400740132_4463720689971665216_n\" style=\"background-image: url(&#039;https:\/\/tayaubungalows.com.mx\/wp-content\/uploads\/2025\/01\/475310523_122104276400740132_4463720689971665216_n.jpg&#039;)\">\n\n\t\t\t\n\t\t\t\t\t<\/div>\n\t\t\t\t\t\t\t\t<\/div>\n\t\t\t\t\t\t\t\t\t\t\t<div class=\"swiper-slide\" role=\"group\" aria-roledescription=\"slide\">\n\t\t\t\t\t\t\t\t\t<div class=\"elementor-carousel-image\" role=\"img\" aria-label=\"principal\" style=\"background-image: url(&#039;https:\/\/tayaubungalows.com.mx\/wp-content\/uploads\/2025\/01\/principal-e1739772669122.jpeg&#039;)\">\n\n\t\t\t\n\t\t\t\t\t<\/div>\n\t\t\t\t\t\t\t\t<\/div>\n\t\t\t\t\t\t\t\t\t\t\t<div class=\"swiper-slide\" role=\"group\" aria-roledescription=\"slide\">\n\t\t\t\t\t\t\t\t\t<div class=\"elementor-carousel-image\" role=\"img\" aria-label=\"comun1\" style=\"background-image: url(&#039;https:\/\/tayaubungalows.com.mx\/wp-content\/uploads\/2025\/01\/comun1.jpeg&#039;)\">\n\n\t\t\t\n\t\t\t\t\t<\/div>\n\t\t\t\t\t\t\t\t<\/div>\n\t\t\t\t\t\t\t\t\t\t\t<div class=\"swiper-slide\" role=\"group\" aria-roledescription=\"slide\">\n\t\t\t\t\t\t\t\t\t<div class=\"elementor-carousel-image\" role=\"img\" aria-label=\"FOTO-2025-01-18-20-24-13\" style=\"background-image: url(&#039;https:\/\/tayaubungalows.com.mx\/wp-content\/uploads\/2025\/01\/PHOTO-2025-01-18-20-24-13.jpg&#039;)\">\n\n\t\t\t\n\t\t\t\t\t<\/div>\n\t\t\t\t\t\t\t\t<\/div>\n\t\t\t\t\t\t\t\t\t<\/div>\n\t\t\t\t\t\t\t\t\t\t\t\t\t\t\t<div class=\"elementor-swiper-button elementor-swiper-button-prev\" role=\"button\" tabindex=\"0\" aria-label=\"Anterior\" data-no-translation-aria-label=\"\">\n\t\t\t\t\t\t\t<svg aria-hidden=\"true\" class=\"e-font-icon-svg e-eicon-chevron-left\" viewbox=\"0 0 1000 1000\" xmlns=\"http:\/\/www.w3.org\/2000\/svg\"><path d=\"M646 125C629 125 613 133 604 142L308 442C296 454 292 471 292 487 292 504 296 521 308 533L604 854C617 867 629 875 646 875 663 875 679 871 692 858 704 846 713 829 713 812 713 796 708 779 692 767L438 487 692 225C700 217 708 204 708 187 708 171 704 154 692 142 675 129 663 125 646 125Z\"><\/path><\/svg>\t\t\t\t\t\t<\/div>\n\t\t\t\t\t\t<div class=\"elementor-swiper-button elementor-swiper-button-next\" role=\"button\" tabindex=\"0\" aria-label=\"Pr\u00f3ximo\" data-no-translation-aria-label=\"\">\n\t\t\t\t\t\t\t<svg aria-hidden=\"true\" class=\"e-font-icon-svg e-eicon-chevron-right\" viewbox=\"0 0 1000 1000\" xmlns=\"http:\/\/www.w3.org\/2000\/svg\"><path d=\"M696 533C708 521 713 504 713 487 713 471 708 454 696 446L400 146C388 133 375 125 354 125 338 125 325 129 313 142 300 154 292 171 292 187 292 204 296 221 308 233L563 492 304 771C292 783 288 800 288 817 288 833 296 850 308 863 321 871 338 875 354 875 371 875 388 867 400 854L696 533Z\"><\/path><\/svg>\t\t\t\t\t\t<\/div>\n\t\t\t\t\t\t\t\t\t\t\t\t\t\t\t\t<div class=\"swiper-pagination\"><\/div>\n\t\t\t\t\t\t\t\t\t\t\t\t<\/div>\n\t\t\t\t<\/div>\n\t\t\t\t\t\t\t\t<\/div>\n\t\t\t\t<\/div>\n\t\t\t\t<\/div>\n\t\t\t\t\t<\/div>\n\t\t\t\t<\/div>\n\t\t<div class=\"elementor-element elementor-element-c4d374f e-flex e-con-boxed e-con e-parent\" data-id=\"c4d374f\" data-element_type=\"container\" data-e-type=\"container\" data-settings=\"{&quot;background_background&quot;:&quot;classic&quot;}\">\n\t\t\t\t\t<div class=\"e-con-inner\">\n\t\t<div class=\"elementor-element elementor-element-156ae0e e-con-full e-flex e-con e-child\" data-id=\"156ae0e\" data-element_type=\"container\" data-e-type=\"container\">\n\t\t\t\t<div class=\"elementor-element elementor-element-3eca95d elementor-widget elementor-widget-heading\" data-id=\"3eca95d\" data-element_type=\"widget\" data-e-type=\"widget\" data-widget_type=\"heading.default\">\n\t\t\t\t<div class=\"elementor-widget-container\">\n\t\t\t\t\t<h3 class=\"elementor-heading-title elementor-size-default\">\u00a1Planifique hoy una experiencia inolvidable en Tayau Bungalows!\n<\/h3>\t\t\t\t<\/div>\n\t\t\t\t<\/div>\n\t\t\t\t<div class=\"elementor-element elementor-element-3e74542 elementor-widget elementor-widget-text-editor\" data-id=\"3e74542\" data-element_type=\"widget\" data-e-type=\"widget\" data-widget_type=\"text-editor.default\">\n\t\t\t\t<div class=\"elementor-widget-container\">\n\t\t\t\t\t\t\t\t\t<p>Podemos ayudarle a adaptar su estad\u00eda y experiencia a su presupuesto asignado.<\/p>\t\t\t\t\t\t\t\t<\/div>\n\t\t\t\t<\/div>\n\t\t\t\t<div class=\"elementor-element elementor-element-c8bb7f9 elementor-widget elementor-widget-heading\" data-id=\"c8bb7f9\" data-element_type=\"widget\" data-e-type=\"widget\" data-widget_type=\"heading.default\">\n\t\t\t\t<div class=\"elementor-widget-container\">\n\t\t\t\t\t<p class=\"elementor-heading-title elementor-size-default\">Reserva tu estancia ahora<\/p>\t\t\t\t<\/div>\n\t\t\t\t<\/div>\n\t\t\t\t<div class=\"elementor-element elementor-element-c0874e6 elementor-align-center elementor-icon-list--layout-traditional elementor-list-item-link-full_width elementor-widget elementor-widget-icon-list\" data-id=\"c0874e6\" data-element_type=\"widget\" data-e-type=\"widget\" data-widget_type=\"icon-list.default\">\n\t\t\t\t<div class=\"elementor-widget-container\">\n\t\t\t\t\t\t\t<ul class=\"elementor-icon-list-items\">\n\t\t\t\t\t\t\t<li class=\"elementor-icon-list-item\">\n\t\t\t\t\t\t\t\t\t\t\t<span class=\"elementor-icon-list-icon\">\n\t\t\t\t\t\t\t<svg aria-hidden=\"true\" class=\"e-font-icon-svg e-fas-phone-alt\" viewbox=\"0 0 512 512\" xmlns=\"http:\/\/www.w3.org\/2000\/svg\"><path d=\"M497.39 361.8l-112-48a24 24 0 0 0-28 6.9l-49.6 60.6A370.66 370.66 0 0 1 130.6 204.11l60.6-49.6a23.94 23.94 0 0 0 6.9-28l-48-112A24.16 24.16 0 0 0 122.6.61l-104 24A24 24 0 0 0 0 48c0 256.5 207.9 464 464 464a24 24 0 0 0 23.4-18.6l24-104a24.29 24.29 0 0 0-14.01-27.6z\"><\/path><\/svg>\t\t\t\t\t\t<\/span>\n\t\t\t\t\t\t\t\t\t\t<span class=\"elementor-icon-list-text\">USA: +1(323) 807-2893<br>MX: +52 327-1028916<\/span>\n\t\t\t\t\t\t\t\t\t<\/li>\n\t\t\t\t\t\t<\/ul>\n\t\t\t\t\t\t<\/div>\n\t\t\t\t<\/div>\n\t\t\t\t<\/div>\n\t\t\t\t\t<\/div>\n\t\t\t\t<\/div>\n\t\t\t\t<\/div>","protected":false},"excerpt":{"rendered":"<p>Bienvenidos a Tayau Bungalows. Tayau es una palabra del idioma huichol, originario del estado de Nayarit, que significa &quot;Nuestro Padre Sol&quot;. \u2600\ufe0f Somos una peque\u00f1a propiedad de alquiler que admite mascotas con 9 bungalows. Ubicados en Lo de Marcos, Nayarit, M\u00e9xico, a solo 12-15 minutos a pie de la playa o 4 minutos en coche [\u2026]<\/p>","protected":false},"author":1,"featured_media":0,"parent":0,"menu_order":0,"comment_status":"closed","ping_status":"closed","template":"","meta":{"_uag_custom_page_level_css":"","site-sidebar-layout":"no-sidebar","site-content-layout":"page-builder","ast-site-content-layout":"full-width-container","site-content-style":"unboxed","site-sidebar-style":"unboxed","ast-global-header-display":"","ast-banner-title-visibility":"","ast-main-header-display":"","ast-hfb-above-header-display":"","ast-hfb-below-header-display":"","ast-hfb-mobile-header-display":"","site-post-title":"disabled","ast-breadcrumbs-content":"","ast-featured-img":"disabled","footer-sml-layout":"","ast-disable-related-posts":"","theme-transparent-header-meta":"enabled","adv-header-id-meta":"","stick-header-meta":"","header-above-stick-meta":"","header-main-stick-meta":"","header-below-stick-meta":"","astra-migrate-meta-layouts":"set","ast-page-background-enabled":"default","ast-page-background-meta":{"desktop":{"background-color":"","background-image":"","background-repeat":"repeat","background-position":"center center","background-size":"auto","background-attachment":"scroll","background-type":"","background-media":"","overlay-type":"","overlay-color":"","overlay-opacity":"","overlay-gradient":""},"tablet":{"background-color":"","background-image":"","background-repeat":"repeat","background-position":"center center","background-size":"auto","background-attachment":"scroll","background-type":"","background-media":"","overlay-type":"","overlay-color":"","overlay-opacity":"","overlay-gradient":""},"mobile":{"background-color":"","background-image":"","background-repeat":"repeat","background-position":"center center","background-size":"auto","background-attachment":"scroll","background-type":"","background-media":"","overlay-type":"","overlay-color":"","overlay-opacity":"","overlay-gradient":""}},"ast-content-background-meta":{"desktop":{"background-color":"var(--ast-global-color-5)","background-image":"","background-repeat":"repeat","background-position":"center center","background-size":"auto","background-attachment":"scroll","background-type":"","background-media":"","overlay-type":"","overlay-color":"","overlay-opacity":"","overlay-gradient":""},"tablet":{"background-color":"var(--ast-global-color-5)","background-image":"","background-repeat":"repeat","background-position":"center center","background-size":"auto","background-attachment":"scroll","background-type":"","background-media":"","overlay-type":"","overlay-color":"","overlay-opacity":"","overlay-gradient":""},"mobile":{"background-color":"var(--ast-global-color-5)","background-image":"","background-repeat":"repeat","background-position":"center center","background-size":"auto","background-attachment":"scroll","background-type":"","background-media":"","overlay-type":"","overlay-color":"","overlay-opacity":"","overlay-gradient":""}},"footnotes":""},"class_list":["post-395","page","type-page","status-publish","hentry"],"uagb_featured_image_src":{"full":false,"thumbnail":false,"medium":false,"medium_large":false,"large":false,"1536x1536":false,"2048x2048":false,"trp-custom-language-flag":false,"woocommerce_thumbnail":false,"woocommerce_single":false,"woocommerce_gallery_thumbnail":false},"uagb_author_info":{"display_name":"info@tayaubungalows.com.mx","author_link":"https:\/\/tayaubungalows.com.mx\/es\/author\/infotayaubungalows-com-mx\/"},"uagb_comment_info":0,"uagb_excerpt":"Welcome to Tayau Bungalows. Tayau is a word from the Huichol language, native to the state of Nayarit, meaning \"Our Father Sun.\" \u2600\ufe0f We are a small pet friendly rental property with 9 bungalows. Located in Lo de Marcos, Nayarit, Mexico just a 12 - 15 minute walk to the beach or 4 minute car&hellip;","_links":{"self":[{"href":"https:\/\/tayaubungalows.com.mx\/es\/wp-json\/wp\/v2\/pages\/395","targetHints":{"allow":["GET"]}}],"collection":[{"href":"https:\/\/tayaubungalows.com.mx\/es\/wp-json\/wp\/v2\/pages"}],"about":[{"href":"https:\/\/tayaubungalows.com.mx\/es\/wp-json\/wp\/v2\/types\/page"}],"author":[{"embeddable":true,"href":"https:\/\/tayaubungalows.com.mx\/es\/wp-json\/wp\/v2\/users\/1"}],"replies":[{"embeddable":true,"href":"https:\/\/tayaubungalows.com.mx\/es\/wp-json\/wp\/v2\/comments?post=395"}],"version-history":[{"count":247,"href":"https:\/\/tayaubungalows.com.mx\/es\/wp-json\/wp\/v2\/pages\/395\/revisions"}],"predecessor-version":[{"id":1473,"href":"https:\/\/tayaubungalows.com.mx\/es\/wp-json\/wp\/v2\/pages\/395\/revisions\/1473"}],"wp:attachment":[{"href":"https:\/\/tayaubungalows.com.mx\/es\/wp-json\/wp\/v2\/media?parent=395"}],"curies":[{"name":"wp","href":"https:\/\/api.w.org\/{rel}","templated":true}]}}